{"id":3170,"date":"2025-08-15T18:01:03","date_gmt":"2025-08-15T21:01:03","guid":{"rendered":"https:\/\/editora.cienciacapital.com.br\/livros\/?post_type=product&#038;p=3170"},"modified":"2025-08-25T10:38:14","modified_gmt":"2025-08-25T13:38:14","slug":"978-65-988055-1-7","status":"publish","type":"product","link":"https:\/\/editora.cienciacapital.com.br\/livros\/produto\/978-65-988055-1-7\/","title":{"rendered":"PSICAN\u00c1LISE CL\u00cdNICA: Interpreta\u00e7\u00e3o de Express\u00f5es Vocacionais"},"content":{"rendered":"<p style=\"text-align: justify;\" data-start=\"132\" data-end=\"578\">Neste estudo instigante, Sandra Leandro Pereira apresenta um olhar psicanal\u00edtico sobre as chamadas\u00a0<i>express\u00f5es vocacionais, <\/i>explorando a interse\u00e7\u00e3o entre raz\u00e3o e emo\u00e7\u00e3o no processo de escolha profissional. A partir de s\u00f3lida forma\u00e7\u00e3o acad\u00eamica e vasta experi\u00eancia cl\u00ednica, a autora conduz o leitor por uma jornada te\u00f3rica e pr\u00e1tica que combina fundamentos cl\u00e1ssicos da psican\u00e1lise, reflex\u00f5es contempor\u00e2neas e a an\u00e1lise de um caso cl\u00ednico real. Dividida em duas partes, a obra traz, primeiro, um panorama metodol\u00f3gico sobre a forma\u00e7\u00e3o e capacita\u00e7\u00e3o em psican\u00e1lise cl\u00ednica, destacando instrumentos como di\u00e1rio de campo, quadros de refer\u00eancia e mapas conceituais. Em seguida, apresenta a hist\u00f3ria de vida e trajet\u00f3ria profissional de um analisando, oferecendo interpreta\u00e7\u00f5es sutis e profundas sobre os elementos que moldam as escolhas vocacionais. Rica em conte\u00fado, a obra dialoga com estudiosos, profissionais e interessados na compreens\u00e3o da mente humana, incentivando o autoconhecimento e a reflex\u00e3o sobre a import\u00e2ncia de alinhar puls\u00f5es de vida e desejos nos contextos sociais. Um convite para mergulhar no universo da psican\u00e1lise e descobrir como a interpreta\u00e7\u00e3o das express\u00f5es vocacionais pode transformar vidas.<\/p>\n","protected":false},"excerpt":{"rendered":"<p style=\"text-align: justify;\"><b>Aproveite o embasamento psicanal\u00edtico na interpreta\u00e7\u00e3o de sua escolha profissional!\u00a0<\/b>Com sensibilidade e rigor cient\u00edfico, por interm\u00e9dio de sua ampla viv\u00eancia como educadora universit\u00e1ria e psicanalista, Sandra Leandro Pereira apresenta as bases da psican\u00e1lise no mergulho do inconsciente que justifica uma defini\u00e7\u00e3o profissional, valorizando o entrela\u00e7amento do indissoci\u00e1vel bin\u00f4mio raz\u00e3o e emo\u00e7\u00e3o. A partir de fundamentos cl\u00e1ssicos da psican\u00e1lise e caso cl\u00ednico baseado em hist\u00f3ria de vida, a autora mostra como identificar e interpretar\u00a0<i>express\u00f5es vocacionais<\/i>, abrindo caminhos para decis\u00f5es mais conscientes e alinhadas ao verdadeiro potencial de cada pessoa. Uma leitura inspiradora para quem busca compreender a si mesmo e transformar sua trajet\u00f3ria profissional.<br \/>\nDOI: https:\/\/doi.org\/10.63715\/9786598805517<br \/>\nISBN: 978-65-988055-1-7<\/p>\n","protected":false},"featured_media":3172,"template":"","meta":{"site-sidebar-layout":"default","site-content-layout":"","ast-site-content-layout":"default","site-content-style":"default","site-sidebar-style":"default","ast-global-header-display":"","ast-banner-title-visibility":"","ast-main-header-display":"","ast-hfb-above-header-display":"","ast-hfb-below-header-display":"","ast-hfb-mobile-header-display":"","site-post-title":"","ast-breadcrumbs-content":"","ast-featured-img":"","footer-sml-layout":"","ast-disable-related-posts":"","theme-transparent-header-meta":"default","adv-header-id-meta":"","stick-header-meta":"","header-above-stick-meta":"","header-main-stick-meta":"","header-below-stick-meta":"","astra-migrate-meta-layouts":"set","ast-page-background-enabled":"default","ast-page-background-meta":{"desktop":{"background-color":"","background-image":"","background-repeat":"repeat","background-position":"center center","background-size":"auto","background-attachment":"scroll","background-type":"","background-media":"","overlay-type":"","overlay-color":"","overlay-opacity":"","overlay-gradient":""},"tablet":{"background-color":"","background-image":"","background-repeat":"repeat","background-position":"center center","background-size":"auto","background-attachment":"scroll","background-type":"","background-media":"","overlay-type":"","overlay-color":"","overlay-opacity":"","overlay-gradient":""},"mobile":{"background-color":"","background-image":"","background-repeat":"repeat","background-position":"center center","background-size":"auto","background-attachment":"scroll","background-type":"","background-media":"","overlay-type":"","overlay-color":"","overlay-opacity":"","overlay-gradient":""}},"ast-content-background-meta":{"desktop":{"background-color":"var(--ast-global-color-5)","background-image":"","background-repeat":"repeat","background-position":"center center","background-size":"auto","background-attachment":"scroll","background-type":"","background-media":"","overlay-type":"","overlay-color":"","overlay-opacity":"","overlay-gradient":""},"tablet":{"background-color":"var(--ast-global-color-5)","background-image":"","background-repeat":"repeat","background-position":"center center","background-size":"auto","background-attachment":"scroll","background-type":"","background-media":"","overlay-type":"","overlay-color":"","overlay-opacity":"","overlay-gradient":""},"mobile":{"background-color":"var(--ast-global-color-5)","background-image":"","background-repeat":"repeat","background-position":"center center","background-size":"auto","background-attachment":"scroll","background-type":"","background-media":"","overlay-type":"","overlay-color":"","overlay-opacity":"","overlay-gradient":""}}},"product_brand":[],"product_cat":[65],"product_tag":[79,78,80,81,77],"class_list":{"0":"post-3170","1":"product","2":"type-product","3":"status-publish","4":"has-post-thumbnail","6":"product_cat-sandra-leandro-pereira","7":"product_tag-autoconhecimento","8":"product_tag-expressoes-vocacionais","9":"product_tag-historia-de-vida","10":"product_tag-interpretacao-psicanalitica","11":"product_tag-psicanalise-clinica","12":"desktop-align-center","13":"tablet-align-left","14":"mobile-align-left","16":"first","17":"instock","18":"featured","19":"shipping-taxable","20":"product-type-external"},"jetpack_sharing_enabled":true,"_links":{"self":[{"href":"https:\/\/editora.cienciacapital.com.br\/livros\/wp-json\/wp\/v2\/product\/3170","targetHints":{"allow":["GET"]}}],"collection":[{"href":"https:\/\/editora.cienciacapital.com.br\/livros\/wp-json\/wp\/v2\/product"}],"about":[{"href":"https:\/\/editora.cienciacapital.com.br\/livros\/wp-json\/wp\/v2\/types\/product"}],"wp:featuredmedia":[{"embeddable":true,"href":"https:\/\/editora.cienciacapital.com.br\/livros\/wp-json\/wp\/v2\/media\/3172"}],"wp:attachment":[{"href":"https:\/\/editora.cienciacapital.com.br\/livros\/wp-json\/wp\/v2\/media?parent=3170"}],"wp:term":[{"taxonomy":"product_brand","embeddable":true,"href":"https:\/\/editora.cienciacapital.com.br\/livros\/wp-json\/wp\/v2\/product_brand?post=3170"},{"taxonomy":"product_cat","embeddable":true,"href":"https:\/\/editora.cienciacapital.com.br\/livros\/wp-json\/wp\/v2\/product_cat?post=3170"},{"taxonomy":"product_tag","embeddable":true,"href":"https:\/\/editora.cienciacapital.com.br\/livros\/wp-json\/wp\/v2\/product_tag?post=3170"}],"curies":[{"name":"wp","href":"https:\/\/api.w.org\/{rel}","templated":true}]}}