{"id":2977,"date":"2024-08-23T20:49:06","date_gmt":"2024-08-23T23:49:06","guid":{"rendered":"https:\/\/editora.cienciacapital.com.br\/livros\/?post_type=product&#038;p=2977"},"modified":"2024-08-23T20:52:36","modified_gmt":"2024-08-23T23:52:36","slug":"metodologia-da-pesquisa-cientifica","status":"publish","type":"product","link":"https:\/\/editora.cienciacapital.com.br\/livros\/produto\/metodologia-da-pesquisa-cientifica\/","title":{"rendered":"Metodologia da pesquisa cient\u00edfica"},"content":{"rendered":"<p style=\"text-align: justify;\">Sem o prop\u00f3sito de entregar um receitu\u00e1rio de metodologia da pesquisa cient\u00edfica, despretensiosamente, esta obra se mostra como expressivo guia te\u00f3rico-pr\u00e1tico. Com o objetivo de apresentar um conjunto de informa\u00e7\u00f5es de natureza metodol\u00f3gica, a t\u00edtulo de melhor exemplifica\u00e7\u00e3o da forma de aplica\u00e7\u00e3o de um protocolo considerado relevante, a autora tem como sustenta\u00e7\u00e3o sua tese de doutorado e a larga experi\u00eancia acad\u00eamica, para contextualizar um protocolo de instrumentos de pesquisa ligados ao uso de t\u00e9cnicas e a escolha de m\u00e9todos cient\u00edficos. Assim, o presente livro oferece um protocolo para instrumentalizar investiga\u00e7\u00f5es acad\u00eamicas com expressivo rigor no que concerne a estrutura\u00e7\u00e3o. Associada a isso, na incorpora\u00e7\u00e3o de importantes ferramentas, esta obra tem por finalidade auxiliar estudantes, pesquisadores e professores nos diversos n\u00edveis, sobretudo, em trabalho de conclus\u00e3o de curso de gradua\u00e7\u00e3o, especializa\u00e7\u00e3o, mestrado e doutorado, obviamente, sem grandes pretens\u00f5es, na sustenta\u00e7\u00e3o de suas escolhas metodol\u00f3gicas. Assim, aqui se intenciona colaborar no compartilhamento de conhecimento conjuntamente entre pares, sobretudo, por ser a autora afeta a complementariedade entre m\u00e9todos quantitativos e qualitativos, objetividade e subjetividade, opostos integrativos por vezes indissoci\u00e1veis no trato de estudos humanizados. Certo detalhamento \u00e9 dado para efeito da aplica\u00e7\u00e3o de determinados recursos protocolares, cabendo ressaltar a importante utilidade de modelos apresentados em forma de quadros. Esses quadros foram desenvolvidos pela autora ao longo de sua experi\u00eancia no magist\u00e9rio superior no ensino, pesquisa e extens\u00e3o. Outra considera\u00e7\u00e3o relevante \u00e9 a amplitude de compatibilidade desse protocolo, pois tudo que est\u00e1 sendo proposto como modelo instrumental pode ser facilmente empregado em qualquer \u00e1rea de pesquisa cient\u00edfica. \u00c9 oportuno registrar que os diversos cap\u00edtulos dessa obra est\u00e3o interligados sistem\u00e1tica e diretamente \u00e0 descri\u00e7\u00e3o estruturada do protocolo instrumental de pesquisa contextualizado. Outrossim, \u00e9 percept\u00edvel o esfor\u00e7o da autora em desmistificar a trajet\u00f3ria cient\u00edfica pelo est\u00edmulo de se \u201cexperienciar ci\u00eancia com a puls\u00e3o de vida\u201d. Voltado para articula\u00e7\u00e3o de conhecimento fundamentado em processo criativo, n\u00e3o necessariamente aos modelos high tech, o protocolo instrumental de pesquisa cient\u00edfica aqui contextualizado se apoia no conceito de multiverso pela concep\u00e7\u00e3o de universos integrativos ou realidades paralelas interconectadas simultaneamente, existentes para o alcance de resultados estruturantes como deve ser o compartilhamento de conhecimento socialmente elaborado.<\/p>\n","protected":false},"excerpt":{"rendered":"<p style=\"text-align: justify;\">O presente livro oferece um protocolo para instrumentalizar investiga\u00e7\u00f5es acad\u00eamicas com expressivo rigor no que concerne a estrutura\u00e7\u00e3o. Associada a isso, na incorpora\u00e7\u00e3o de importantes ferramentas, esta obra tem por finalidade auxiliar estudantes, pesquisadores e professores nos diversos n\u00edveis, sobretudo, em trabalho de conclus\u00e3o de curso de gradua\u00e7\u00e3o, especializa\u00e7\u00e3o, mestrado e doutorado, obviamente, sem grandes pretens\u00f5es, na sustenta\u00e7\u00e3o de suas escolhas metodol\u00f3gicas.<\/p>\n","protected":false},"featured_media":2978,"template":"","meta":{"site-sidebar-layout":"default","site-content-layout":"","ast-site-content-layout":"default","site-content-style":"default","site-sidebar-style":"default","ast-global-header-display":"","ast-banner-title-visibility":"","ast-main-header-display":"","ast-hfb-above-header-display":"","ast-hfb-below-header-display":"","ast-hfb-mobile-header-display":"","site-post-title":"","ast-breadcrumbs-content":"","ast-featured-img":"","footer-sml-layout":"","ast-disable-related-posts":"","theme-transparent-header-meta":"default","adv-header-id-meta":"","stick-header-meta":"","header-above-stick-meta":"","header-main-stick-meta":"","header-below-stick-meta":"","astra-migrate-meta-layouts":"set","ast-page-background-enabled":"default","ast-page-background-meta":{"desktop":{"background-color":"","background-image":"","background-repeat":"repeat","background-position":"center center","background-size":"auto","background-attachment":"scroll","background-type":"","background-media":"","overlay-type":"","overlay-color":"","overlay-opacity":"","overlay-gradient":""},"tablet":{"background-color":"","background-image":"","background-repeat":"repeat","background-position":"center center","background-size":"auto","background-attachment":"scroll","background-type":"","background-media":"","overlay-type":"","overlay-color":"","overlay-opacity":"","overlay-gradient":""},"mobile":{"background-color":"","background-image":"","background-repeat":"repeat","background-position":"center center","background-size":"auto","background-attachment":"scroll","background-type":"","background-media":"","overlay-type":"","overlay-color":"","overlay-opacity":"","overlay-gradient":""}},"ast-content-background-meta":{"desktop":{"background-color":"var(--ast-global-color-5)","background-image":"","background-repeat":"repeat","background-position":"center center","background-size":"auto","background-attachment":"scroll","background-type":"","background-media":"","overlay-type":"","overlay-color":"","overlay-opacity":"","overlay-gradient":""},"tablet":{"background-color":"var(--ast-global-color-5)","background-image":"","background-repeat":"repeat","background-position":"center center","background-size":"auto","background-attachment":"scroll","background-type":"","background-media":"","overlay-type":"","overlay-color":"","overlay-opacity":"","overlay-gradient":""},"mobile":{"background-color":"var(--ast-global-color-5)","background-image":"","background-repeat":"repeat","background-position":"center center","background-size":"auto","background-attachment":"scroll","background-type":"","background-media":"","overlay-type":"","overlay-color":"","overlay-opacity":"","overlay-gradient":""}}},"product_brand":[],"product_cat":[65],"product_tag":[68,67,69],"class_list":{"0":"post-2977","1":"product","2":"type-product","3":"status-publish","4":"has-post-thumbnail","6":"product_cat-sandra-leandro-pereira","7":"product_tag-administracao","8":"product_tag-educacao","9":"product_tag-metodologia-cientifica","10":"desktop-align-center","11":"tablet-align-left","12":"mobile-align-left","14":"first","15":"instock","16":"featured","17":"shipping-taxable","18":"product-type-external"},"jetpack_sharing_enabled":true,"_links":{"self":[{"href":"https:\/\/editora.cienciacapital.com.br\/livros\/wp-json\/wp\/v2\/product\/2977","targetHints":{"allow":["GET"]}}],"collection":[{"href":"https:\/\/editora.cienciacapital.com.br\/livros\/wp-json\/wp\/v2\/product"}],"about":[{"href":"https:\/\/editora.cienciacapital.com.br\/livros\/wp-json\/wp\/v2\/types\/product"}],"wp:featuredmedia":[{"embeddable":true,"href":"https:\/\/editora.cienciacapital.com.br\/livros\/wp-json\/wp\/v2\/media\/2978"}],"wp:attachment":[{"href":"https:\/\/editora.cienciacapital.com.br\/livros\/wp-json\/wp\/v2\/media?parent=2977"}],"wp:term":[{"taxonomy":"product_brand","embeddable":true,"href":"https:\/\/editora.cienciacapital.com.br\/livros\/wp-json\/wp\/v2\/product_brand?post=2977"},{"taxonomy":"product_cat","embeddable":true,"href":"https:\/\/editora.cienciacapital.com.br\/livros\/wp-json\/wp\/v2\/product_cat?post=2977"},{"taxonomy":"product_tag","embeddable":true,"href":"https:\/\/editora.cienciacapital.com.br\/livros\/wp-json\/wp\/v2\/product_tag?post=2977"}],"curies":[{"name":"wp","href":"https:\/\/api.w.org\/{rel}","templated":true}]}}