{"id":2972,"date":"2024-08-23T20:08:21","date_gmt":"2024-08-23T23:08:21","guid":{"rendered":"https:\/\/editora.cienciacapital.com.br\/livros\/?post_type=product&#038;p=2972"},"modified":"2024-08-23T20:09:39","modified_gmt":"2024-08-23T23:09:39","slug":"topicos-sobre-metrologia-industrial","status":"publish","type":"product","link":"https:\/\/editora.cienciacapital.com.br\/livros\/produto\/topicos-sobre-metrologia-industrial\/","title":{"rendered":"T\u00f3picos sobre Metrologia Industrial"},"content":{"rendered":"<p style=\"text-align: justify;\">Este trabalho \u00e9 fruto de um longo per\u00edodo de apresenta\u00e7\u00e3o do assunto em sala de aula, para possibilitar aos alunos um texto mais sucinto sobre os temas desenvolvidos no tocante a Medi\u00e7\u00f5es e Sistema de Toler\u00e2ncias e Ajustes. Cada cap\u00edtulo apresenta de forma breve o assunto abordado, n\u00e3o tendo a pretens\u00e3o de fornecer todos os detalhes do assunto, mas oferecendo uma introdu\u00e7\u00e3o sobre os temas abordados. Desta forma recomenda-se que o texto seja visto como um in\u00edcio, para um aprofundamento futuro.<\/p>\n","protected":false},"excerpt":{"rendered":"<p style=\"text-align: justify;\">Este trabalho \u00e9 fruto de um longo per\u00edodo de apresenta\u00e7\u00e3o do assunto em sala de aula, para possibilitar aos alunos um texto mais sucinto sobre os temas desenvolvidos no tocante a Medi\u00e7\u00f5es e Sistema de Toler\u00e2ncias e Ajustes.<\/p>\n","protected":false},"featured_media":2973,"template":"","meta":{"site-sidebar-layout":"default","site-content-layout":"","ast-site-content-layout":"default","site-content-style":"default","site-sidebar-style":"default","ast-global-header-display":"","ast-banner-title-visibility":"","ast-main-header-display":"","ast-hfb-above-header-display":"","ast-hfb-below-header-display":"","ast-hfb-mobile-header-display":"","site-post-title":"","ast-breadcrumbs-content":"","ast-featured-img":"","footer-sml-layout":"","ast-disable-related-posts":"","theme-transparent-header-meta":"default","adv-header-id-meta":"","stick-header-meta":"","header-above-stick-meta":"","header-main-stick-meta":"","header-below-stick-meta":"","astra-migrate-meta-layouts":"set","ast-page-background-enabled":"default","ast-page-background-meta":{"desktop":{"background-color":"","background-image":"","background-repeat":"repeat","background-position":"center center","background-size":"auto","background-attachment":"scroll","background-type":"","background-media":"","overlay-type":"","overlay-color":"","overlay-opacity":"","overlay-gradient":""},"tablet":{"background-color":"","background-image":"","background-repeat":"repeat","background-position":"center center","background-size":"auto","background-attachment":"scroll","background-type":"","background-media":"","overlay-type":"","overlay-color":"","overlay-opacity":"","overlay-gradient":""},"mobile":{"background-color":"","background-image":"","background-repeat":"repeat","background-position":"center center","background-size":"auto","background-attachment":"scroll","background-type":"","background-media":"","overlay-type":"","overlay-color":"","overlay-opacity":"","overlay-gradient":""}},"ast-content-background-meta":{"desktop":{"background-color":"var(--ast-global-color-5)","background-image":"","background-repeat":"repeat","background-position":"center center","background-size":"auto","background-attachment":"scroll","background-type":"","background-media":"","overlay-type":"","overlay-color":"","overlay-opacity":"","overlay-gradient":""},"tablet":{"background-color":"var(--ast-global-color-5)","background-image":"","background-repeat":"repeat","background-position":"center center","background-size":"auto","background-attachment":"scroll","background-type":"","background-media":"","overlay-type":"","overlay-color":"","overlay-opacity":"","overlay-gradient":""},"mobile":{"background-color":"var(--ast-global-color-5)","background-image":"","background-repeat":"repeat","background-position":"center center","background-size":"auto","background-attachment":"scroll","background-type":"","background-media":"","overlay-type":"","overlay-color":"","overlay-opacity":"","overlay-gradient":""}}},"product_brand":[],"product_cat":[64],"product_tag":[],"class_list":{"0":"post-2972","1":"product","2":"type-product","3":"status-publish","4":"has-post-thumbnail","6":"product_cat-romualdo-campos-da-fonseca","7":"desktop-align-center","8":"tablet-align-left","9":"mobile-align-left","11":"first","12":"instock","13":"featured","14":"shipping-taxable","15":"product-type-external"},"jetpack_sharing_enabled":true,"_links":{"self":[{"href":"https:\/\/editora.cienciacapital.com.br\/livros\/wp-json\/wp\/v2\/product\/2972","targetHints":{"allow":["GET"]}}],"collection":[{"href":"https:\/\/editora.cienciacapital.com.br\/livros\/wp-json\/wp\/v2\/product"}],"about":[{"href":"https:\/\/editora.cienciacapital.com.br\/livros\/wp-json\/wp\/v2\/types\/product"}],"wp:featuredmedia":[{"embeddable":true,"href":"https:\/\/editora.cienciacapital.com.br\/livros\/wp-json\/wp\/v2\/media\/2973"}],"wp:attachment":[{"href":"https:\/\/editora.cienciacapital.com.br\/livros\/wp-json\/wp\/v2\/media?parent=2972"}],"wp:term":[{"taxonomy":"product_brand","embeddable":true,"href":"https:\/\/editora.cienciacapital.com.br\/livros\/wp-json\/wp\/v2\/product_brand?post=2972"},{"taxonomy":"product_cat","embeddable":true,"href":"https:\/\/editora.cienciacapital.com.br\/livros\/wp-json\/wp\/v2\/product_cat?post=2972"},{"taxonomy":"product_tag","embeddable":true,"href":"https:\/\/editora.cienciacapital.com.br\/livros\/wp-json\/wp\/v2\/product_tag?post=2972"}],"curies":[{"name":"wp","href":"https:\/\/api.w.org\/{rel}","templated":true}]}}