{"id":2970,"date":"2024-08-23T20:00:37","date_gmt":"2024-08-23T23:00:37","guid":{"rendered":"https:\/\/editora.cienciacapital.com.br\/livros\/?post_type=product&#038;p=2970"},"modified":"2024-08-23T20:02:22","modified_gmt":"2024-08-23T23:02:22","slug":"ondas-do-tempo","status":"publish","type":"product","link":"https:\/\/editora.cienciacapital.com.br\/livros\/produto\/ondas-do-tempo\/","title":{"rendered":"Ondas do Tempo"},"content":{"rendered":"<p style=\"text-align: justify;\"><strong>Ondas do tempo: eros\u00e3o costeira e seus impactos<\/strong>, do autor Williams Guimar\u00e3es, mergulha nas profundezas desse fen\u00f4meno intrincado, guiando-nos por s\u00e9culos de estudos, descobertas e batalhas em nome da preserva\u00e7\u00e3o deste ambiente hidrodin\u00e2mico. Nesta obra, o professor nos conduz por uma jornada hist\u00f3rica, desde os prim\u00f3rdios dos estudos sobre eros\u00e3o costeira at\u00e9 os avan\u00e7os contempor\u00e2neos e as perspectivas futuras. Explorando as d\u00e9cadas passadas, ele destaca os pioneiros que ousaram desbravar os mist\u00e9rios das mar\u00e9s e as primeiras observa\u00e7\u00f5es que lan\u00e7aram as bases para o entendimento moderno da eros\u00e3o costeira. Com uma abordagem abrangente, o autor analisa as causas, consequ\u00eancias e solu\u00e7\u00f5es para a eros\u00e3o costeira, apresentando um panorama completo das estrat\u00e9gias utilizadas para mitigar seus efeitos erosivos devastadores desse fen\u00f4meno. Atrav\u00e9s dos Estudos de Impacto Ambiental (EIA) e Relat\u00f3rio de Impacto Ambiental (RIMA) detalhados, ele nos mostra as complexidades enfrentadas na prote\u00e7\u00e3o de nossas zonas costeiras, desde os desafios t\u00e9cnicos at\u00e9 as considera\u00e7\u00f5es ambientais e sociais.<\/p>\n","protected":false},"excerpt":{"rendered":"<p style=\"text-align: justify;\"><strong>Ondas do tempo: eros\u00e3o costeira e seus impactos<\/strong>, do autor Williams Guimar\u00e3es, mergulha nas profundezas desse fen\u00f4meno intrincado, guiando-nos por s\u00e9culos de estudos, descobertas e batalhas em nome da preserva\u00e7\u00e3o deste ambiente hidrodin\u00e2mico.<\/p>\n","protected":false},"featured_media":2971,"template":"","meta":{"site-sidebar-layout":"default","site-content-layout":"","ast-site-content-layout":"default","site-content-style":"default","site-sidebar-style":"default","ast-global-header-display":"","ast-banner-title-visibility":"","ast-main-header-display":"","ast-hfb-above-header-display":"","ast-hfb-below-header-display":"","ast-hfb-mobile-header-display":"","site-post-title":"","ast-breadcrumbs-content":"","ast-featured-img":"","footer-sml-layout":"","ast-disable-related-posts":"","theme-transparent-header-meta":"default","adv-header-id-meta":"","stick-header-meta":"","header-above-stick-meta":"","header-main-stick-meta":"","header-below-stick-meta":"","astra-migrate-meta-layouts":"set","ast-page-background-enabled":"default","ast-page-background-meta":{"desktop":{"background-color":"","background-image":"","background-repeat":"repeat","background-position":"center center","background-size":"auto","background-attachment":"scroll","background-type":"","background-media":"","overlay-type":"","overlay-color":"","overlay-opacity":"","overlay-gradient":""},"tablet":{"background-color":"","background-image":"","background-repeat":"repeat","background-position":"center center","background-size":"auto","background-attachment":"scroll","background-type":"","background-media":"","overlay-type":"","overlay-color":"","overlay-opacity":"","overlay-gradient":""},"mobile":{"background-color":"","background-image":"","background-repeat":"repeat","background-position":"center center","background-size":"auto","background-attachment":"scroll","background-type":"","background-media":"","overlay-type":"","overlay-color":"","overlay-opacity":"","overlay-gradient":""}},"ast-content-background-meta":{"desktop":{"background-color":"var(--ast-global-color-5)","background-image":"","background-repeat":"repeat","background-position":"center center","background-size":"auto","background-attachment":"scroll","background-type":"","background-media":"","overlay-type":"","overlay-color":"","overlay-opacity":"","overlay-gradient":""},"tablet":{"background-color":"var(--ast-global-color-5)","background-image":"","background-repeat":"repeat","background-position":"center center","background-size":"auto","background-attachment":"scroll","background-type":"","background-media":"","overlay-type":"","overlay-color":"","overlay-opacity":"","overlay-gradient":""},"mobile":{"background-color":"var(--ast-global-color-5)","background-image":"","background-repeat":"repeat","background-position":"center center","background-size":"auto","background-attachment":"scroll","background-type":"","background-media":"","overlay-type":"","overlay-color":"","overlay-opacity":"","overlay-gradient":""}}},"product_brand":[],"product_cat":[61],"product_tag":[63],"class_list":{"0":"post-2970","1":"product","2":"type-product","3":"status-publish","4":"has-post-thumbnail","6":"product_cat-williams-guimaraes","7":"product_tag-geografia","8":"desktop-align-center","9":"tablet-align-left","10":"mobile-align-left","12":"first","13":"instock","14":"featured","15":"shipping-taxable","16":"product-type-external"},"jetpack_sharing_enabled":true,"_links":{"self":[{"href":"https:\/\/editora.cienciacapital.com.br\/livros\/wp-json\/wp\/v2\/product\/2970","targetHints":{"allow":["GET"]}}],"collection":[{"href":"https:\/\/editora.cienciacapital.com.br\/livros\/wp-json\/wp\/v2\/product"}],"about":[{"href":"https:\/\/editora.cienciacapital.com.br\/livros\/wp-json\/wp\/v2\/types\/product"}],"wp:featuredmedia":[{"embeddable":true,"href":"https:\/\/editora.cienciacapital.com.br\/livros\/wp-json\/wp\/v2\/media\/2971"}],"wp:attachment":[{"href":"https:\/\/editora.cienciacapital.com.br\/livros\/wp-json\/wp\/v2\/media?parent=2970"}],"wp:term":[{"taxonomy":"product_brand","embeddable":true,"href":"https:\/\/editora.cienciacapital.com.br\/livros\/wp-json\/wp\/v2\/product_brand?post=2970"},{"taxonomy":"product_cat","embeddable":true,"href":"https:\/\/editora.cienciacapital.com.br\/livros\/wp-json\/wp\/v2\/product_cat?post=2970"},{"taxonomy":"product_tag","embeddable":true,"href":"https:\/\/editora.cienciacapital.com.br\/livros\/wp-json\/wp\/v2\/product_tag?post=2970"}],"curies":[{"name":"wp","href":"https:\/\/api.w.org\/{rel}","templated":true}]}}