{"id":2967,"date":"2024-08-23T19:49:21","date_gmt":"2024-08-23T22:49:21","guid":{"rendered":"https:\/\/editora.cienciacapital.com.br\/livros\/?post_type=product&#038;p=2967"},"modified":"2024-08-23T19:49:51","modified_gmt":"2024-08-23T22:49:51","slug":"licenciamento-ambiental","status":"publish","type":"product","link":"https:\/\/editora.cienciacapital.com.br\/livros\/produto\/licenciamento-ambiental\/","title":{"rendered":"Licenciamento Ambiental"},"content":{"rendered":"<p style=\"text-align: justify;\">O livro <strong>Licenciamento Ambiental<\/strong> do Professor Williams Guimar\u00e3es busca dar um suporte aos estudantes e profissionais da Engenharia Civil a respeito dos tr\u00e2mites legais necess\u00e1rios ao se executar uma edifica\u00e7\u00e3o. Trata dos temas: a necessidade de licenciar um empreendimento, \u00f3rg\u00e3os que competem conceder o licenciamento ambiental, tipos de licen\u00e7a ambiental, procedimentos para a obten\u00e7\u00e3o da licen\u00e7a ambiental, quais as penalidades para quem n\u00e3o tirar as licen\u00e7as devidas e os custos do licenciamento ambiental.<\/p>\n","protected":false},"excerpt":{"rendered":"<p style=\"text-align: justify;\">O livro <strong>Licenciamento Ambiental<\/strong> do Professor Williams Guimar\u00e3es busca dar um suporte aos estudantes e profissionais da Engenharia Civil a respeito dos tr\u00e2mites legais necess\u00e1rios ao se executar uma edifica\u00e7\u00e3o.<\/p>\n","protected":false},"featured_media":2968,"template":"","meta":{"site-sidebar-layout":"default","site-content-layout":"","ast-site-content-layout":"default","site-content-style":"default","site-sidebar-style":"default","ast-global-header-display":"","ast-banner-title-visibility":"","ast-main-header-display":"","ast-hfb-above-header-display":"","ast-hfb-below-header-display":"","ast-hfb-mobile-header-display":"","site-post-title":"","ast-breadcrumbs-content":"","ast-featured-img":"","footer-sml-layout":"","ast-disable-related-posts":"","theme-transparent-header-meta":"default","adv-header-id-meta":"","stick-header-meta":"","header-above-stick-meta":"","header-main-stick-meta":"","header-below-stick-meta":"","astra-migrate-meta-layouts":"set","ast-page-background-enabled":"default","ast-page-background-meta":{"desktop":{"background-color":"","background-image":"","background-repeat":"repeat","background-position":"center center","background-size":"auto","background-attachment":"scroll","background-type":"","background-media":"","overlay-type":"","overlay-color":"","overlay-opacity":"","overlay-gradient":""},"tablet":{"background-color":"","background-image":"","background-repeat":"repeat","background-position":"center center","background-size":"auto","background-attachment":"scroll","background-type":"","background-media":"","overlay-type":"","overlay-color":"","overlay-opacity":"","overlay-gradient":""},"mobile":{"background-color":"","background-image":"","background-repeat":"repeat","background-position":"center center","background-size":"auto","background-attachment":"scroll","background-type":"","background-media":"","overlay-type":"","overlay-color":"","overlay-opacity":"","overlay-gradient":""}},"ast-content-background-meta":{"desktop":{"background-color":"var(--ast-global-color-5)","background-image":"","background-repeat":"repeat","background-position":"center center","background-size":"auto","background-attachment":"scroll","background-type":"","background-media":"","overlay-type":"","overlay-color":"","overlay-opacity":"","overlay-gradient":""},"tablet":{"background-color":"var(--ast-global-color-5)","background-image":"","background-repeat":"repeat","background-position":"center center","background-size":"auto","background-attachment":"scroll","background-type":"","background-media":"","overlay-type":"","overlay-color":"","overlay-opacity":"","overlay-gradient":""},"mobile":{"background-color":"var(--ast-global-color-5)","background-image":"","background-repeat":"repeat","background-position":"center center","background-size":"auto","background-attachment":"scroll","background-type":"","background-media":"","overlay-type":"","overlay-color":"","overlay-opacity":"","overlay-gradient":""}}},"product_brand":[],"product_cat":[61],"product_tag":[63,62],"class_list":{"0":"post-2967","1":"product","2":"type-product","3":"status-publish","4":"has-post-thumbnail","6":"product_cat-williams-guimaraes","7":"product_tag-geografia","8":"product_tag-licenciamento-ambiental","9":"desktop-align-center","10":"tablet-align-left","11":"mobile-align-left","13":"first","14":"instock","15":"featured","16":"shipping-taxable","17":"product-type-external"},"jetpack_sharing_enabled":true,"_links":{"self":[{"href":"https:\/\/editora.cienciacapital.com.br\/livros\/wp-json\/wp\/v2\/product\/2967","targetHints":{"allow":["GET"]}}],"collection":[{"href":"https:\/\/editora.cienciacapital.com.br\/livros\/wp-json\/wp\/v2\/product"}],"about":[{"href":"https:\/\/editora.cienciacapital.com.br\/livros\/wp-json\/wp\/v2\/types\/product"}],"wp:featuredmedia":[{"embeddable":true,"href":"https:\/\/editora.cienciacapital.com.br\/livros\/wp-json\/wp\/v2\/media\/2968"}],"wp:attachment":[{"href":"https:\/\/editora.cienciacapital.com.br\/livros\/wp-json\/wp\/v2\/media?parent=2967"}],"wp:term":[{"taxonomy":"product_brand","embeddable":true,"href":"https:\/\/editora.cienciacapital.com.br\/livros\/wp-json\/wp\/v2\/product_brand?post=2967"},{"taxonomy":"product_cat","embeddable":true,"href":"https:\/\/editora.cienciacapital.com.br\/livros\/wp-json\/wp\/v2\/product_cat?post=2967"},{"taxonomy":"product_tag","embeddable":true,"href":"https:\/\/editora.cienciacapital.com.br\/livros\/wp-json\/wp\/v2\/product_tag?post=2967"}],"curies":[{"name":"wp","href":"https:\/\/api.w.org\/{rel}","templated":true}]}}