{"id":59,"date":"2024-08-22T20:37:17","date_gmt":"2024-08-22T23:37:17","guid":{"rendered":"https:\/\/editora.cienciacapital.com.br\/livros\/about\/"},"modified":"2024-08-26T21:47:37","modified_gmt":"2024-08-27T00:47:37","slug":"sobre-os-autores","status":"publish","type":"page","link":"https:\/\/editora.cienciacapital.com.br\/livros\/sobre-os-autores\/","title":{"rendered":"Sobre os Autores"},"content":{"rendered":"\n<div class=\"wp-block-uagb-container uagb-block-1b3539fb alignfull uagb-is-root-container\"><div class=\"uagb-container-inner-blocks-wrap\">\n<div class=\"wp-block-uagb-advanced-heading uagb-block-1e9f933f\"><h1 class=\"uagb-heading-text\">Sobre os Autores<\/h1><\/div>\n<\/div><\/div>\n\n\n\n<div class=\"wp-block-uagb-container uagb-block-a26a8cee alignfull uagb-is-root-container\">\n<div class=\"wp-block-uagb-container uagb-block-4f1c797a\">\n<div class=\"wp-block-uagb-blockquote uagb-block-bdf2e9d0 uagb-blockquote__skin-quotation uagb-blockquote__align-center uagb-blockquote__style-style_1 uagb-blockquote__stack-img-none\"><blockquote class=\"uagb-blockquote\"><span class=\"uagb-blockquote__icon\"><svg width=\"20\" height=\"20\" viewBox=\"0 0 32 32\"><path d=\"M7.031 14c3.866 0 7 3.134 7 7s-3.134 7-7 7-7-3.134-7-7l-0.031-1c0-7.732 6.268-14 14-14v4c-2.671 0-5.182 1.040-7.071 2.929-0.364 0.364-0.695 0.751-0.995 1.157 0.357-0.056 0.724-0.086 1.097-0.086zM25.031 14c3.866 0 7 3.134 7 7s-3.134 7-7 7-7-3.134-7-7l-0.031-1c0-7.732 6.268-14 14-14v4c-2.671 0-5.182 1.040-7.071 2.929-0.364 0.364-0.695 0.751-0.995 1.157 0.358-0.056 0.724-0.086 1.097-0.086z\"><\/path><\/svg><\/span><div class=\"uagb-blockquote__content\">Ensinar n\u00e3o \u00e9 transferir conhecimento, mas criar as possibilidades para a sua pr\u00f3pria produ\u00e7\u00e3o ou a sua constru\u00e7\u00e3o.<\/div><footer><div class=\"uagb-blockquote__author-wrap uagb-blockquote__author-at-top\"><img loading=\"lazy\" decoding=\"async\" class=\"\" src=\"https:\/\/editora.cienciacapital.com.br\/livros\/wp-content\/uploads\/sites\/3\/2024\/08\/PAULO-FREIRE-1-200x300.jpg\" alt=\"\" width=\"64\" height=\"64\" loading=\"lazy\"\/><cite class=\"uagb-blockquote__author\"><strong>Paulo Freire<\/strong><br><em>Pedagogia da autonomia.<\/em>\u00a0S\u00e3o Paulo: Paz e Terra, 1996.<\/cite><\/div><\/footer><\/blockquote><\/div>\n<\/div>\n\n\n\n<div class=\"wp-block-uagb-separator uagb-block-e548afe9\"><div class=\"uagb-separator-spacing-wrapper\"><div class=\"wp-block-uagb-separator__inner\" style=\"--my-background-image:\"><\/div><\/div><\/div>\n\n\n\n<div class=\"wp-block-uagb-advanced-heading uagb-block-9ea14f5d\"><h2 class=\"uagb-heading-text\">Autores que publicam conosco<\/h2><\/div>\n\n\n\n<div class=\"wp-block-uagb-container uagb-block-9c2fa7dd\"><div data-block-name=\"woocommerce\/product-categories\" data-font-size=\"large\" data-has-count=\"false\" data-has-image=\"true\" data-is-hierarchical=\"false\" data-style=\"{&quot;typography&quot;:{&quot;lineHeight&quot;:&quot;0&quot;},&quot;elements&quot;:{&quot;link&quot;:{&quot;color&quot;:{&quot;text&quot;:&quot;var:preset|color|ast-global-color-1&quot;}}}}\" data-text-color=\"ast-global-color-1\" class=\"wp-block-woocommerce-product-categories wc-block-product-categories is-list has-font-size has-large-font-size has-text-color has-ast-global-color-1-color wp-elements-89d4e4aecd62c5369b291e1468707318\" style=\"\"><ul class=\"wc-block-product-categories-list wc-block-product-categories-list--depth-0 wc-block-product-categories-list--has-images\">\t\t\t\t<li class=\"wc-block-product-categories-list-item\">\t\t\t\t\t<a style=\"color: var(--wp--preset--color--ast-global-color-1);\" href=\"https:\/\/editora.cienciacapital.com.br\/livros\/categoria-produto\/katherine-marine-buso\/\"><span class=\"wc-block-product-categories-list-item__image\"><img decoding=\"async\" width=\"128\" height=\"171\" src=\"https:\/\/editora.cienciacapital.com.br\/livros\/wp-content\/uploads\/sites\/3\/2024\/08\/katherine-128x171.png\" class=\"attachment-woocommerce_thumbnail size-woocommerce_thumbnail\" alt=\"\" \/><\/span><span class=\"wc-block-product-categories-list-item__name\">Katherine Marine Buso<\/span><\/a>\t\t\t\t<\/li>\t\t\t\t\t\t\t<li class=\"wc-block-product-categories-list-item\">\t\t\t\t\t<a style=\"color: var(--wp--preset--color--ast-global-color-1);\" href=\"https:\/\/editora.cienciacapital.com.br\/livros\/categoria-produto\/marco-lyra\/\"><span class=\"wc-block-product-categories-list-item__image\"><img decoding=\"async\" width=\"128\" height=\"171\" src=\"https:\/\/editora.cienciacapital.com.br\/livros\/wp-content\/uploads\/sites\/3\/2025\/08\/foto-perfil-marco-lyra-128x171.jpeg\" class=\"attachment-woocommerce_thumbnail size-woocommerce_thumbnail\" alt=\"\" \/><\/span><span class=\"wc-block-product-categories-list-item__name\">Marco Lyra<\/span><\/a>\t\t\t\t<\/li>\t\t\t\t\t\t\t<li class=\"wc-block-product-categories-list-item\">\t\t\t\t\t<a style=\"color: var(--wp--preset--color--ast-global-color-1);\" href=\"https:\/\/editora.cienciacapital.com.br\/livros\/categoria-produto\/romualdo-campos-da-fonseca\/\"><span class=\"wc-block-product-categories-list-item__image wc-block-product-categories-list-item__image--placeholder\"><img decoding=\"async\" width=\"128\" height=\"171\" src=\"https:\/\/editora.cienciacapital.com.br\/livros\/wp-content\/uploads\/sites\/3\/woocommerce-placeholder-128x171.png\" class=\"woocommerce-placeholder wp-post-image\" alt=\"Conte\u00fado de marca\u00e7\u00e3o\" \/><\/span><span class=\"wc-block-product-categories-list-item__name\">Romualdo Campos da Fons\u00eaca<\/span><\/a>\t\t\t\t<\/li>\t\t\t\t\t\t\t<li class=\"wc-block-product-categories-list-item\">\t\t\t\t\t<a style=\"color: var(--wp--preset--color--ast-global-color-1);\" href=\"https:\/\/editora.cienciacapital.com.br\/livros\/categoria-produto\/sandra-leandro-pereira\/\"><span class=\"wc-block-product-categories-list-item__image\"><img loading=\"lazy\" decoding=\"async\" width=\"128\" height=\"171\" src=\"https:\/\/editora.cienciacapital.com.br\/livros\/wp-content\/uploads\/sites\/3\/2025\/09\/foto-sandra-perfil-128x171.jpg\" class=\"attachment-woocommerce_thumbnail size-woocommerce_thumbnail\" alt=\"\" \/><\/span><span class=\"wc-block-product-categories-list-item__name\">Sandra Leandro Pereira<\/span><\/a>\t\t\t\t<\/li>\t\t\t\t\t\t\t<li class=\"wc-block-product-categories-list-item\">\t\t\t\t\t<a style=\"color: var(--wp--preset--color--ast-global-color-1);\" href=\"https:\/\/editora.cienciacapital.com.br\/livros\/categoria-produto\/williams-guimaraes\/\"><span class=\"wc-block-product-categories-list-item__image\"><img loading=\"lazy\" decoding=\"async\" width=\"128\" height=\"171\" src=\"https:\/\/editora.cienciacapital.com.br\/livros\/wp-content\/uploads\/sites\/3\/2024\/08\/autor-licenciamento-ambiental-128x171.jpg\" class=\"attachment-woocommerce_thumbnail size-woocommerce_thumbnail\" alt=\"\" \/><\/span><span class=\"wc-block-product-categories-list-item__name\">Williams Guimar\u00e3es<\/span><\/a>\t\t\t\t<\/li>\t\t\t\t\t\t\t<li class=\"wc-block-product-categories-list-item\">\t\t\t\t\t<a style=\"color: var(--wp--preset--color--ast-global-color-1);\" href=\"https:\/\/editora.cienciacapital.com.br\/livros\/categoria-produto\/olga-soares-de-lima\/\"><span class=\"wc-block-product-categories-list-item__image\"><img loading=\"lazy\" decoding=\"async\" width=\"128\" height=\"171\" src=\"https:\/\/editora.cienciacapital.com.br\/livros\/wp-content\/uploads\/sites\/3\/2024\/08\/olga-e1724452510565-128x171.jpg\" class=\"attachment-woocommerce_thumbnail size-woocommerce_thumbnail\" alt=\"\" \/><\/span><span class=\"wc-block-product-categories-list-item__name\">Olga Soares de Lima<\/span><\/a>\t\t\t\t<\/li>\t\t\t<\/ul><\/div><\/div>\n<\/div>\n","protected":false},"excerpt":{"rendered":"","protected":false},"author":1,"featured_media":0,"parent":0,"menu_order":0,"comment_status":"closed","ping_status":"closed","template":"","meta":{"site-sidebar-layout":"no-sidebar","site-content-layout":"plain-container","ast-site-content-layout":"full-width-container","site-content-style":"default","site-sidebar-style":"default","ast-global-header-display":"","ast-banner-title-visibility":"","ast-main-header-display":"","ast-hfb-above-header-display":"","ast-hfb-below-header-display":"","ast-hfb-mobile-header-display":"","site-post-title":"disabled","ast-breadcrumbs-content":"","ast-featured-img":"","footer-sml-layout":"","ast-disable-related-posts":"","theme-transparent-header-meta":"enabled","adv-header-id-meta":"","stick-header-meta":"","header-above-stick-meta":"","header-main-stick-meta":"","header-below-stick-meta":"","astra-migrate-meta-layouts":"set","ast-page-background-enabled":"default","ast-page-background-meta":{"desktop":{"background-color":"","background-image":"","background-repeat":"repeat","background-position":"center center","background-size":"auto","background-attachment":"scroll","background-type":"","background-media":"","overlay-type":"","overlay-color":"","overlay-opacity":"","overlay-gradient":""},"tablet":{"background-color":"","background-image":"","background-repeat":"repeat","background-position":"center center","background-size":"auto","background-attachment":"scroll","background-type":"","background-media":"","overlay-type":"","overlay-color":"","overlay-opacity":"","overlay-gradient":""},"mobile":{"background-color":"","background-image":"","background-repeat":"repeat","background-position":"center center","background-size":"auto","background-attachment":"scroll","background-type":"","background-media":"","overlay-type":"","overlay-color":"","overlay-opacity":"","overlay-gradient":""}},"ast-content-background-meta":{"desktop":{"background-color":"var(--ast-global-color-5)","background-image":"","background-repeat":"repeat","background-position":"center center","background-size":"auto","background-attachment":"scroll","background-type":"","background-media":"","overlay-type":"","overlay-color":"","overlay-opacity":"","overlay-gradient":""},"tablet":{"background-color":"var(--ast-global-color-5)","background-image":"","background-repeat":"repeat","background-position":"center center","background-size":"auto","background-attachment":"scroll","background-type":"","background-media":"","overlay-type":"","overlay-color":"","overlay-opacity":"","overlay-gradient":""},"mobile":{"background-color":"var(--ast-global-color-5)","background-image":"","background-repeat":"repeat","background-position":"center center","background-size":"auto","background-attachment":"scroll","background-type":"","background-media":"","overlay-type":"","overlay-color":"","overlay-opacity":"","overlay-gradient":""}},"footnotes":""},"class_list":["post-59","page","type-page","status-publish","hentry"],"jetpack_sharing_enabled":true,"_links":{"self":[{"href":"https:\/\/editora.cienciacapital.com.br\/livros\/wp-json\/wp\/v2\/pages\/59","targetHints":{"allow":["GET"]}}],"collection":[{"href":"https:\/\/editora.cienciacapital.com.br\/livros\/wp-json\/wp\/v2\/pages"}],"about":[{"href":"https:\/\/editora.cienciacapital.com.br\/livros\/wp-json\/wp\/v2\/types\/page"}],"author":[{"embeddable":true,"href":"https:\/\/editora.cienciacapital.com.br\/livros\/wp-json\/wp\/v2\/users\/1"}],"replies":[{"embeddable":true,"href":"https:\/\/editora.cienciacapital.com.br\/livros\/wp-json\/wp\/v2\/comments?post=59"}],"version-history":[{"count":15,"href":"https:\/\/editora.cienciacapital.com.br\/livros\/wp-json\/wp\/v2\/pages\/59\/revisions"}],"predecessor-version":[{"id":3162,"href":"https:\/\/editora.cienciacapital.com.br\/livros\/wp-json\/wp\/v2\/pages\/59\/revisions\/3162"}],"wp:attachment":[{"href":"https:\/\/editora.cienciacapital.com.br\/livros\/wp-json\/wp\/v2\/media?parent=59"}],"curies":[{"name":"wp","href":"https:\/\/api.w.org\/{rel}","templated":true}]}}